{"id":166,"date":"2019-07-29T11:00:43","date_gmt":"2019-07-29T11:00:43","guid":{"rendered":"https:\/\/caesarangels.com\/?page_id=166"},"modified":"2021-02-09T12:10:11","modified_gmt":"2021-02-09T12:10:11","slug":"imprint","status":"publish","type":"page","link":"https:\/\/caesarangels.com\/index.php\/imprint\/","title":{"rendered":"Imprint"},"content":{"rendered":"\n<p class=\"has-text-align-left\"><strong>Information in accordance with Section 5 TMG <\/strong><br>Caesar Business Angels GmbH<br>Kaiserstra\u00dfe 33<br>80801 Munich, Germany<\/p>\n\n\n\n<p class=\"has-text-align-left\"><strong>Contact information<\/strong><br>Internet address: https:\/\/caesarangels.com<br>E-Mail: info[at]caesarangels.com<br>Telefax: +49-89-9995-4748<\/p>\n\n\n\n<p class=\"has-text-align-left\"><strong>Represented by<\/strong>:<br>Gregor H. Unger, Jonathan D. Cordero, Sebastian B\u00fcchte<\/p>\n\n\n\n<p class=\"has-text-align-left\">Registered office of the company: M\u00fcnchen<br>Entry in Handelsregister in register court Amtsgericht M\u00fcnchen under register number 241174<br>VAT identification number in accordance with Section 27 a of the German VAT act:  DE318578510 <br>Tax number: 143\/149\/61340 <\/p>\n\n\n\n<p class=\"has-text-align-left\">Responsible for the own content of the Caesar Business Angels GmbH in accordance with \u00a7 55 Abs. 2 RStV: Gregor H. Unger<br>We are not prepared or obliged to participate in any dispute resolution proceedings prior to a consumer arbitration board.<\/p>\n\n\n\n<p class=\"has-text-align-left\"><strong>Data protection<\/strong><\/p>\n\n\n\n<p class=\"has-text-align-left\">The use of our website is generally possible without providing personal data. Insofar as personal data (e.g. name, address or e-mail addresses) is collected on our pages, this is always done on a voluntary basis as far as possible. This data will not be passed on to third parties without your express consent. <br>\nWe would like to point out that data transmission on the Internet (e.g. communication by e-mail) can be subject to security gaps. A complete protection of the data against access by third parties is not possible. <br>\nThe use of contact data published within the scope of the imprint obligation by third parties to send unsolicited advertising and information materials is hereby expressly prohibited. The operators of this website expressly reserve the right to take legal action against unsolicited mailing or e-mailing of spam and other similar advertising materials.<\/p>\n","protected":false},"excerpt":{"rendered":"<p>Information in accordance with Section 5 TMG Caesar Business Angels GmbHKaiserstra\u00dfe 3380801 Munich, Germany Contact informationInternet address: https:\/\/caesarangels.comE-Mail: info[at]caesarangels.comTelefax: +49-89-9995-4748 Represented by:Gregor H. Unger, Jonathan D. Cordero, Sebastian B\u00fcchte Registered office of the company: M\u00fcnchenEntry in Handelsregister in register court Amtsgericht M\u00fcnchen under register number 241174VAT identification number in accordance with Section 27 a of&hellip; <br \/> <a class=\"read-more\" href=\"https:\/\/caesarangels.com\/index.php\/imprint\/\">Read more<\/a><\/p>\n","protected":false},"author":1,"featured_media":0,"parent":0,"menu_order":2,"comment_status":"closed","ping_status":"closed","template":"","meta":{"footnotes":""},"class_list":["post-166","page","type-page","status-publish","hentry"],"jetpack_sharing_enabled":true,"_links":{"self":[{"href":"https:\/\/caesarangels.com\/index.php\/wp-json\/wp\/v2\/pages\/166","targetHints":{"allow":["GET"]}}],"collection":[{"href":"https:\/\/caesarangels.com\/index.php\/wp-json\/wp\/v2\/pages"}],"about":[{"href":"https:\/\/caesarangels.com\/index.php\/wp-json\/wp\/v2\/types\/page"}],"author":[{"embeddable":true,"href":"https:\/\/caesarangels.com\/index.php\/wp-json\/wp\/v2\/users\/1"}],"replies":[{"embeddable":true,"href":"https:\/\/caesarangels.com\/index.php\/wp-json\/wp\/v2\/comments?post=166"}],"version-history":[{"count":11,"href":"https:\/\/caesarangels.com\/index.php\/wp-json\/wp\/v2\/pages\/166\/revisions"}],"predecessor-version":[{"id":347,"href":"https:\/\/caesarangels.com\/index.php\/wp-json\/wp\/v2\/pages\/166\/revisions\/347"}],"wp:attachment":[{"href":"https:\/\/caesarangels.com\/index.php\/wp-json\/wp\/v2\/media?parent=166"}],"curies":[{"name":"wp","href":"https:\/\/api.w.org\/{rel}","templated":true}]}}