{"id":2,"date":"2019-07-28T18:58:57","date_gmt":"2019-07-28T18:58:57","guid":{"rendered":"https:\/\/caesarangels.com\/?page_id=2"},"modified":"2021-02-09T12:10:43","modified_gmt":"2021-02-09T12:10:43","slug":"impressum","status":"publish","type":"page","link":"https:\/\/caesarangels.com\/index.php\/impressum\/","title":{"rendered":"Impressum"},"content":{"rendered":"\n<p class=\"has-text-align-left\"><strong>Angaben gem\u00e4\u00df \u00a7 5 TMG <\/strong><br>Caesar Business Angels GmbH<br>Kaiserstra\u00dfe 33<br>80801 M\u00fcnchen, Deutschland<\/p>\n\n\n\n<p class=\"has-text-align-left\"><strong>Kontaktdaten<\/strong><br>Internet Adresse: https:\/\/caesarangels.com<br>E-Mail: info[at]caesarangels.com<br>Telefax: +49-89-9995-4748<\/p>\n\n\n\n<p class=\"has-text-align-left\"><strong>Vertreten durch die <\/strong><b>Gesch\u00e4ftsf\u00fchrer:<\/b><br>Gregor H. Unger, Jonathan D. Cordero, Sebastian B\u00fcchte<\/p>\n\n\n\n<p class=\"has-text-align-left\">Sitz der Gesellschaft: M\u00fcnchen<br>Eingetragen beim Amtsgericht M\u00fcnchen HRB 241174  <br>Umsatzsteuer-ID gem\u00e4\u00df \u00a727a Umsatzsteuergesetz:  DE318578510 <br>Steuernummer: 143\/149\/61340 <\/p>\n\n\n\n<p class=\"has-text-align-left\">Verantwortlicher f\u00fcr eigene Inhalte der Caesar Business Angels GmbH gem. \u00a7 55 Abs. 2 RStV: Gregor H. Unger<br>Wir sind nicht bereit oder verpflichtet, an Streitbeilegungsverfahren vor einer<br>Verbraucherschlichtungsstelle teilzunehmen.<\/p>\n\n\n\n<p class=\"has-text-align-left\"> <\/p>\n\n\n\n<p class=\"has-text-align-left\"><strong>Datenschutz<\/strong><\/p>\n\n\n\n<p class=\"has-text-align-left\">Die Nutzung unserer Webseite ist in der Regel ohne Angabe personenbezogener Daten m\u00f6glich. Soweit auf unseren Seiten personenbezogene Daten (beispielsweise Name, Anschrift oder E-Mail-Adressen) erhoben werden, erfolgt dies, soweit m\u00f6glich, stets auf freiwilliger Basis. Diese Daten werden ohne Ihre ausdr\u00fcckliche Zustimmung nicht an Dritte weitergegeben. <br>\nWir weisen darauf hin, dass die Daten\u00fcbertragung im Internet (z.B. bei der Kommunikation per E-Mail) Sicherheitsl\u00fccken aufweisen kann. Ein l\u00fcckenloser Schutz der Daten vor dem Zugriff durch Dritte ist nicht m\u00f6glich. <br>\nDer Nutzung von im Rahmen der Impressumspflicht ver\u00f6ffentlichten Kontaktdaten durch Dritte zur \u00dcbersendung von nicht ausdr\u00fccklich angeforderter Werbung und Informationsmaterialien wird hiermit ausdr\u00fccklich widersprochen. Die Betreiber der Seiten behalten sich ausdr\u00fccklich rechtliche Schritte im Falle der unverlangten Zusendung von Werbeinformationen, etwa durch Spam-Mails, vor.<\/p>\n\n\n\n<p><br><\/p>\n","protected":false},"excerpt":{"rendered":"<p>Angaben gem\u00e4\u00df \u00a7 5 TMG Caesar Business Angels GmbHKaiserstra\u00dfe 3380801 M\u00fcnchen, Deutschland KontaktdatenInternet Adresse: https:\/\/caesarangels.comE-Mail: info[at]caesarangels.comTelefax: +49-89-9995-4748 Vertreten durch die Gesch\u00e4ftsf\u00fchrer:Gregor H. Unger, Jonathan D. Cordero, Sebastian B\u00fcchte Sitz der Gesellschaft: M\u00fcnchenEingetragen beim Amtsgericht M\u00fcnchen HRB 241174 Umsatzsteuer-ID gem\u00e4\u00df \u00a727a Umsatzsteuergesetz: DE318578510 Steuernummer: 143\/149\/61340 Verantwortlicher f\u00fcr eigene Inhalte der Caesar Business Angels GmbH gem. \u00a7&hellip; <br \/> <a class=\"read-more\" href=\"https:\/\/caesarangels.com\/index.php\/impressum\/\">Read more<\/a><\/p>\n","protected":false},"author":1,"featured_media":0,"parent":0,"menu_order":3,"comment_status":"closed","ping_status":"closed","template":"","meta":{"footnotes":""},"class_list":["post-2","page","type-page","status-publish","hentry"],"jetpack_sharing_enabled":true,"_links":{"self":[{"href":"https:\/\/caesarangels.com\/index.php\/wp-json\/wp\/v2\/pages\/2","targetHints":{"allow":["GET"]}}],"collection":[{"href":"https:\/\/caesarangels.com\/index.php\/wp-json\/wp\/v2\/pages"}],"about":[{"href":"https:\/\/caesarangels.com\/index.php\/wp-json\/wp\/v2\/types\/page"}],"author":[{"embeddable":true,"href":"https:\/\/caesarangels.com\/index.php\/wp-json\/wp\/v2\/users\/1"}],"replies":[{"embeddable":true,"href":"https:\/\/caesarangels.com\/index.php\/wp-json\/wp\/v2\/comments?post=2"}],"version-history":[{"count":13,"href":"https:\/\/caesarangels.com\/index.php\/wp-json\/wp\/v2\/pages\/2\/revisions"}],"predecessor-version":[{"id":348,"href":"https:\/\/caesarangels.com\/index.php\/wp-json\/wp\/v2\/pages\/2\/revisions\/348"}],"wp:attachment":[{"href":"https:\/\/caesarangels.com\/index.php\/wp-json\/wp\/v2\/media?parent=2"}],"curies":[{"name":"wp","href":"https:\/\/api.w.org\/{rel}","templated":true}]}}